{"id":3482,"date":"2026-03-22T15:37:56","date_gmt":"2026-03-22T14:37:56","guid":{"rendered":"https:\/\/bolgherilocals.com\/chi-siamo\/"},"modified":"2026-03-22T15:37:56","modified_gmt":"2026-03-22T14:37:56","slug":"chi-siamo","status":"publish","type":"page","link":"https:\/\/bolgherilocals.com\/it\/chi-siamo\/","title":{"rendered":"Chi Siamo"},"content":{"rendered":"<div class=\"wpb-content-wrapper\">[vc_row][vc_column width=&#8221;2\/3&#8243;][vc_column_text]\n<p class=\"p1\"><strong>Bolgheri Locals<\/strong> nasce dalla passione di persone del posto per la mountain bike e dall\u2019interesse per il loro fantastico territorio, ricco di opportunit\u00e0 dal punto di vista culturale, storico e naturalistico. Questa terra \u00e8 ideale per chi pratica la mountain bike o semplicemente ama le attivit\u00e0 all\u2019aria aperta.<\/p>\n<p><\/p>\n<p class=\"p1\"><strong>Bolgheri Locals<\/strong> nasce anche per mettere in <strong>contatto<\/strong> chi ama pedalare sulle colline di Bolgheri e nei suoi dintorni! \u00c8 il luogo ideale per incontrare altre persone che praticano MTB, con cui creare nuove amicizie condividendo momenti di <strong>RIDING!<\/strong><\/p>\n<p>&nbsp;<\/p>\n<h6 class=\"p4\"><b>LA NOSTRA FILOSOFIA<\/b><b><\/b><\/h6>\n<p><\/p>\n<p class=\"p1\">Crediamo che la recente introduzione della <strong>propulsione elettrica<\/strong> sulle biciclette (e-bike), e in particolare sulle mountain bike (e-MTB), rappresenti un importante cambiamento di paradigma nella nostra societ\u00e0, sia dal punto di vista sportivo che sociale. Per questo motivo le nostre attivit\u00e0 sono specializzate sulle <strong>e-bike<\/strong>: nuovi strumenti di mobilit\u00e0 che rappresentano anche un modo diverso di vivere lo sport e il territorio, permettendo a un pubblico pi\u00f9 ampio di avvicinarsi alla MTB e alle attivit\u00e0 outdoor.<\/p>\n[\/vc_column_text][vc_separator][vc_column_text css=&#8221;&#8221;]\n<h5 class=\"p1\"><b>LE NOSTRE ESPERIEMZE<\/b><\/h5>\n<p>&nbsp;<\/p>\n<p class=\"p3\">Offriamo <a href=\"https:\/\/bolgherilocals.com\/experiences\/\">esperienze guidate in e-bike<\/a> pensate per scoprire Bolgheri e i suoi dintorni in modo semplice e autentico.<\/p>\n<p><\/p>\n<p class=\"p3\">I nostri percorsi si snodano tra vigneti, strade di campagna e paesaggi panoramici, sempre a un ritmo rilassato e in piccoli gruppi. Ogni esperienza \u00e8 progettata per vivere il territorio, unendo natura, cultura locale e gastronomia.<\/p>\n<p><\/p>\n<p class=\"p3\">Dai tour incentrati sul vino, con visite in cantina e degustazioni, alle esperienze al tramonto e ai tour panoramici pi\u00f9 flessibili, ogni uscita \u00e8 pensata per metterti in connessione con il paesaggio e l\u2019atmosfera di Bolgheri.<\/p>\n[\/vc_column_text][vc_single_image image=&#8221;814&#8243; img_size=&#8221;full&#8221;][vc_empty_space height=&#8221;64px&#8221;][\/vc_column][vc_column width=&#8221;1\/3&#8243;][\/vc_column][\/vc_row][vc_row][vc_column][vc_column_text]\n<h5><strong>ALTRE INFO? CONTATTACI<\/strong><\/h5>\n[\/vc_column_text][lab_contact_form name_title=&#8221;Nome e Cognome&#8221; email_title=&#8221;La tua Email&#8221; message_title=&#8221;Il tuo Messaggio&#8221; show_subject_field=&#8221;&#8221; submit_title=&#8221;Invia&#8221; alert_errors=&#8221;&#8221; enable_recaptcha=&#8221;yes&#8221; email_receiver=&#8221;info@bolgherilocals.com&#8221;][\/vc_column][\/vc_row]\n<\/div>","protected":false},"excerpt":{"rendered":"<p>[vc_row][vc_column width=&#8221;2\/3&#8243;][vc_column_text] Bolgheri Locals nasce dalla passione di persone del posto per la mountain bike e dall\u2019interesse per il loro fantastico territorio, ricco di opportunit\u00e0 dal punto di vista culturale, storico e naturalistico. Questa terra \u00e8 ideale per chi pratica la mountain bike o semplicemente ama le attivit\u00e0 all\u2019aria aperta. Bolgheri Locals nasce anche per&hellip;<\/p>\n","protected":false},"author":5,"featured_media":0,"parent":0,"menu_order":0,"comment_status":"closed","ping_status":"closed","template":"","meta":{"_acf_changed":false,"footnotes":""},"class_list":["post-3482","page","type-page","status-publish","hentry"],"acf":[],"yoast_head":"<!-- This site is optimized with the Yoast SEO plugin v27.3 - https:\/\/yoast.com\/product\/yoast-seo-wordpress\/ -->\n<title>Chi Siamo - Bolgheri Locals<\/title>\n<meta name=\"robots\" content=\"index, follow, max-snippet:-1, max-image-preview:large, max-video-preview:-1\" \/>\n<link rel=\"canonical\" href=\"https:\/\/bolgherilocals.com\/it\/chi-siamo\/\" \/>\n<meta property=\"og:locale\" content=\"it_IT\" \/>\n<meta property=\"og:type\" content=\"article\" \/>\n<meta property=\"og:title\" content=\"Chi Siamo - Bolgheri Locals\" \/>\n<meta property=\"og:description\" content=\"[vc_row][vc_column width=&#8221;2\/3&#8243;][vc_column_text] Bolgheri Locals nasce dalla passione di persone del posto per la mountain bike e dall\u2019interesse per il loro fantastico territorio, ricco di opportunit\u00e0 dal punto di vista culturale, storico e naturalistico. Questa terra \u00e8 ideale per chi pratica la mountain bike o semplicemente ama le attivit\u00e0 all\u2019aria aperta. Bolgheri Locals nasce anche per&hellip;\" \/>\n<meta property=\"og:url\" content=\"https:\/\/bolgherilocals.com\/it\/chi-siamo\/\" \/>\n<meta property=\"og:site_name\" content=\"Bolgheri Locals\" \/>\n<meta name=\"twitter:card\" content=\"summary_large_image\" \/>\n<meta name=\"twitter:label1\" content=\"Tempo di lettura stimato\" \/>\n\t<meta name=\"twitter:data1\" content=\"2 minuti\" \/>\n<script type=\"application\/ld+json\" class=\"yoast-schema-graph\">{\"@context\":\"https:\\\/\\\/schema.org\",\"@graph\":[{\"@type\":\"WebPage\",\"@id\":\"https:\\\/\\\/bolgherilocals.com\\\/it\\\/chi-siamo\\\/\",\"url\":\"https:\\\/\\\/bolgherilocals.com\\\/it\\\/chi-siamo\\\/\",\"name\":\"Chi Siamo - Bolgheri Locals\",\"isPartOf\":{\"@id\":\"https:\\\/\\\/bolgherilocals.com\\\/it\\\/#website\"},\"datePublished\":\"2026-03-22T14:37:56+00:00\",\"breadcrumb\":{\"@id\":\"https:\\\/\\\/bolgherilocals.com\\\/it\\\/chi-siamo\\\/#breadcrumb\"},\"inLanguage\":\"it-IT\",\"potentialAction\":[{\"@type\":\"ReadAction\",\"target\":[\"https:\\\/\\\/bolgherilocals.com\\\/it\\\/chi-siamo\\\/\"]}]},{\"@type\":\"BreadcrumbList\",\"@id\":\"https:\\\/\\\/bolgherilocals.com\\\/it\\\/chi-siamo\\\/#breadcrumb\",\"itemListElement\":[{\"@type\":\"ListItem\",\"position\":1,\"name\":\"Home\",\"item\":\"https:\\\/\\\/bolgherilocals.com\\\/it\\\/\"},{\"@type\":\"ListItem\",\"position\":2,\"name\":\"Chi Siamo\"}]},{\"@type\":\"WebSite\",\"@id\":\"https:\\\/\\\/bolgherilocals.com\\\/it\\\/#website\",\"url\":\"https:\\\/\\\/bolgherilocals.com\\\/it\\\/\",\"name\":\"Bolgheri Locals\",\"description\":\"e-bike experience\",\"potentialAction\":[{\"@type\":\"SearchAction\",\"target\":{\"@type\":\"EntryPoint\",\"urlTemplate\":\"https:\\\/\\\/bolgherilocals.com\\\/it\\\/?s={search_term_string}\"},\"query-input\":{\"@type\":\"PropertyValueSpecification\",\"valueRequired\":true,\"valueName\":\"search_term_string\"}}],\"inLanguage\":\"it-IT\"}]}<\/script>\n<!-- \/ Yoast SEO plugin. -->","yoast_head_json":{"title":"Chi Siamo - Bolgheri Locals","robots":{"index":"index","follow":"follow","max-snippet":"max-snippet:-1","max-image-preview":"max-image-preview:large","max-video-preview":"max-video-preview:-1"},"canonical":"https:\/\/bolgherilocals.com\/it\/chi-siamo\/","og_locale":"it_IT","og_type":"article","og_title":"Chi Siamo - Bolgheri Locals","og_description":"[vc_row][vc_column width=&#8221;2\/3&#8243;][vc_column_text] Bolgheri Locals nasce dalla passione di persone del posto per la mountain bike e dall\u2019interesse per il loro fantastico territorio, ricco di opportunit\u00e0 dal punto di vista culturale, storico e naturalistico. Questa terra \u00e8 ideale per chi pratica la mountain bike o semplicemente ama le attivit\u00e0 all\u2019aria aperta. Bolgheri Locals nasce anche per&hellip;","og_url":"https:\/\/bolgherilocals.com\/it\/chi-siamo\/","og_site_name":"Bolgheri Locals","twitter_card":"summary_large_image","twitter_misc":{"Tempo di lettura stimato":"2 minuti"},"schema":{"@context":"https:\/\/schema.org","@graph":[{"@type":"WebPage","@id":"https:\/\/bolgherilocals.com\/it\/chi-siamo\/","url":"https:\/\/bolgherilocals.com\/it\/chi-siamo\/","name":"Chi Siamo - Bolgheri Locals","isPartOf":{"@id":"https:\/\/bolgherilocals.com\/it\/#website"},"datePublished":"2026-03-22T14:37:56+00:00","breadcrumb":{"@id":"https:\/\/bolgherilocals.com\/it\/chi-siamo\/#breadcrumb"},"inLanguage":"it-IT","potentialAction":[{"@type":"ReadAction","target":["https:\/\/bolgherilocals.com\/it\/chi-siamo\/"]}]},{"@type":"BreadcrumbList","@id":"https:\/\/bolgherilocals.com\/it\/chi-siamo\/#breadcrumb","itemListElement":[{"@type":"ListItem","position":1,"name":"Home","item":"https:\/\/bolgherilocals.com\/it\/"},{"@type":"ListItem","position":2,"name":"Chi Siamo"}]},{"@type":"WebSite","@id":"https:\/\/bolgherilocals.com\/it\/#website","url":"https:\/\/bolgherilocals.com\/it\/","name":"Bolgheri Locals","description":"e-bike experience","potentialAction":[{"@type":"SearchAction","target":{"@type":"EntryPoint","urlTemplate":"https:\/\/bolgherilocals.com\/it\/?s={search_term_string}"},"query-input":{"@type":"PropertyValueSpecification","valueRequired":true,"valueName":"search_term_string"}}],"inLanguage":"it-IT"}]}},"_links":{"self":[{"href":"https:\/\/bolgherilocals.com\/it\/wp-json\/wp\/v2\/pages\/3482","targetHints":{"allow":["GET"]}}],"collection":[{"href":"https:\/\/bolgherilocals.com\/it\/wp-json\/wp\/v2\/pages"}],"about":[{"href":"https:\/\/bolgherilocals.com\/it\/wp-json\/wp\/v2\/types\/page"}],"author":[{"embeddable":true,"href":"https:\/\/bolgherilocals.com\/it\/wp-json\/wp\/v2\/users\/5"}],"replies":[{"embeddable":true,"href":"https:\/\/bolgherilocals.com\/it\/wp-json\/wp\/v2\/comments?post=3482"}],"version-history":[{"count":3,"href":"https:\/\/bolgherilocals.com\/it\/wp-json\/wp\/v2\/pages\/3482\/revisions"}],"predecessor-version":[{"id":3485,"href":"https:\/\/bolgherilocals.com\/it\/wp-json\/wp\/v2\/pages\/3482\/revisions\/3485"}],"wp:attachment":[{"href":"https:\/\/bolgherilocals.com\/it\/wp-json\/wp\/v2\/media?parent=3482"}],"curies":[{"name":"wp","href":"https:\/\/api.w.org\/{rel}","templated":true}]}}